{"id":82892,"date":"2022-08-09T16:11:37","date_gmt":"2022-08-09T14:11:37","guid":{"rendered":"https:\/\/alexandratrivino.com\/?page_id=82892"},"modified":"2023-01-11T17:51:13","modified_gmt":"2023-01-11T16:51:13","slug":"terminos-y-condiciones-generales","status":"publish","type":"page","link":"https:\/\/alexandratrivino.com\/es\/terminos-y-condiciones-generales\/","title":{"rendered":"T\u00e9rminos y condiciones generales"},"content":{"rendered":"<div class=\"wpb-content-wrapper\"><p>[vc_row][vc_column width=\u00bb1\/1&#8243;][vc_column_text uncode_shortcode_id=\u00bb211212&#8243;]<strong>Condiciones generales de contrataci\u00f3n<\/strong><\/p>\n<p>\u00a71 Validez frente a los empresarios y definiciones de t\u00e9rminos(1) Las siguientes Condiciones Generales de Contrataci\u00f3n se aplican a todas las entregas entre nosotros y un consumidor en la versi\u00f3n v\u00e1lida en el momento del pedido.<\/p>\n<p>Un consumidor es toda persona f\u00edsica que celebra un negocio jur\u00eddico con fines que no son predominantemente comerciales ni su actividad profesional independiente (\u00a7 13 BGB).<\/p>\n<p>\u00a72 Conclusi\u00f3n de un contrato, almacenamiento del texto del contrato(1) Las siguientes normas sobre la conclusi\u00f3n de un contrato se aplican a los pedidos a trav\u00e9s de nuestra tienda de Internet http:\/\/www.es.alexandra-trivino.com .<\/p>\n<p>2) En caso de que se celebre el contrato, \u00e9ste se celebrar\u00e1 con<\/p>\n<p>Aleandra Trivi\u00f1o<br \/>\nB\u00f6heimstr. 105<br \/>\nD-70199 Stuttgart<\/p>\n<p>(3) La presentaci\u00f3n de la mercanc\u00eda en nuestra tienda de Internet no representa una oferta de contrato legalmente vinculante por nuestra parte, sino que es s\u00f3lo una invitaci\u00f3n no vinculante para que el consumidor haga un pedido de mercanc\u00eda. Al pedir los bienes deseados, el consumidor presenta una oferta vinculante para concluir un contrato de compra.<br \/>\n(4) Al recibir un pedido en nuestra tienda de Internet, se aplican las siguientes normas: El consumidor hace una oferta vinculante para celebrar un contrato al completar con \u00e9xito el procedimiento de pedido proporcionado en nuestra tienda de Internet.<\/p>\n<p>El pedido se realiza en los siguientes pasos:<\/p>\n<p>1) Selecci\u00f3n de los bienes deseados<br \/>\n2) Confirmar haciendo clic en los botones \u201ca\u00f1adir a la cesta de la compra\u201d.<br \/>\n3) Revise la informaci\u00f3n del carrito de compras<br \/>\n4) Presione el bot\u00f3n \u201cContinuar con la compra\u201d.<br \/>\n5) Inicie sesi\u00f3n en la tienda de Internet despu\u00e9s de registrarse e introduzca los datos de acceso (direcci\u00f3n de correo electr\u00f3nico y contrase\u00f1a).<br \/>\n6) Reexamen o correcci\u00f3n de los respectivos datos introducidos.<br \/>\n7) Env\u00edo vinculante del pedido haciendo clic en el bot\u00f3n \u201cpedido con gastos\u201d o \u201cenviar pedido\u201d.<\/p>\n<p>Antes del env\u00edo vinculante del pedido, el consumidor puede volver al sitio web donde se registran los datos del cliente y se corrigen los errores de introducci\u00f3n de datos o se cancela el proceso de pedido cerrando el navegador de Internet pulsando el bot\u00f3n \u201cAtr\u00e1s\u201d del navegador de Internet que utiliza despu\u00e9s de comprobar sus datos. Inmediatamente confirmaremos la recepci\u00f3n del pedido mediante un correo electr\u00f3nico generado autom\u00e1ticamente (\u201cconfirmaci\u00f3n del pedido\u201d). Con esto aceptamos su oferta.<\/p>\n<p>(5) Almacenamiento del texto del contrato para pedidos a trav\u00e9s de nuestra tienda de Internet: Almacenamos el texto del contrato y le enviamos los datos del pedido y nuestras condiciones generales por correo electr\u00f3nico. Tambi\u00e9n puede ver el AGB en cualquier momento en http:\/\/alexandra-trivino.com\/AGB. Puede ver sus pedidos anteriores en nuestra \u00e1rea de clientes en Mi cuenta -&gt; Mis pedidos.<\/p>\n<p>\u00a73 Precios, gastos de env\u00edo, pago, fecha de vencimiento(1) Los precios indicados contienen el impuesto sobre la venta legal y otros componentes del precio. Los gastos de env\u00edo se a\u00f1aden a esto.<\/p>\n<p>2) El consumidor tiene la posibilidad de pagar por transferencia bancaria directa, PayPal (con cuenta PayPal o sin ella y tambi\u00e9n con tarjeta de cr\u00e9dito (Visa, Mastercard).<\/p>\n<p>3) Si el consumidor ha elegido el pago por transferencia bancaria directa, se compromete a pagar el precio de compra inmediatamente despu\u00e9s de la celebraci\u00f3n del contrato.<\/p>\n<p>\u00a74 Entrega(1) A menos que hayamos indicado claramente lo contrario en la descripci\u00f3n del producto, todos los art\u00edculos ofrecidos por nosotros est\u00e1n listos para su env\u00edo inmediato. La entrega se realiza aqu\u00ed a m\u00e1s tardar dentro de 15 d\u00edas h\u00e1biles. En el caso del pago por transferencia bancaria directa, el plazo de entrega comienza el d\u00eda despu\u00e9s de que se env\u00eda la orden de pago al banco responsable de la transferencia y, para todos los dem\u00e1s m\u00e9todos de pago, el d\u00eda despu\u00e9s de la celebraci\u00f3n del contrato. Si el final del per\u00edodo cae en un s\u00e1bado, domingo o d\u00eda festivo en el lugar de entrega, el per\u00edodo terminar\u00e1 el siguiente d\u00eda laborable.<\/p>\n<p>2) El riesgo de p\u00e9rdida accidental y de deterioro accidental de los bienes vendidos no se transmitir\u00e1 al comprador hasta que \u00e9stos sean entregados al comprador, incluso en el caso de las compras por correspondencia.<\/p>\n<hr class=\"wp-block-separator\" \/>\n<p>\u00a76 Derecho de retractaci\u00f3n del cliente como consumidor:<\/p>\n<p>Derecho de revocaci\u00f3n para los consumidores<\/p>\n<p>Los consumidores tienen derecho a un derecho de revocaci\u00f3n de conformidad con la siguiente disposici\u00f3n, en virtud de la cual se entiende por consumidor toda persona f\u00edsica que concluya una transacci\u00f3n jur\u00eddica con fines que no puedan atribuirse predominantemente a su actividad comercial ni a su actividad profesional independiente:<\/p>\n<p>Pol\u00edtica de cancelaci\u00f3n<br \/>\nDerecho de retractaci\u00f3n<\/p>\n<p>Tiene el derecho de revocar este contrato dentro de catorce d\u00edas sin dar razones.<\/p>\n<p>El plazo de retirada es de catorce d\u00edas a partir del d\u00eda en que usted o un tercero designado por usted, que no es el transportista, tom\u00f3 posesi\u00f3n de la mercanc\u00eda.<\/p>\n<p>Para ejercer su derecho de retractaci\u00f3n, debe<\/p>\n<p>Para ejercer su derecho de retractaci\u00f3n, debe<\/p>\n<p>Aleandra Trivi\u00f1o<br \/>\nB\u00f6heimstr. 105<br \/>\nD-70199 Stuttgart<br \/>\nE-mail kontakt@alexandra-trivino.com<\/p>\n<p>informarnos mediante una declaraci\u00f3n clara (por ejemplo, una carta, un fax o un correo electr\u00f3nico enviado por correo) de su decisi\u00f3n de retirarse de este contrato. Puede utilizar el formulario modelo de revocaci\u00f3n adjunto, que no es obligatorio.<\/p>\n<p>Consecuencias de la revocaci\u00f3n<\/p>\n<p>Si revoca el presente Acuerdo, le reembolsaremos todos los pagos que hayamos recibido de usted, incluidos los gastos de env\u00edo (aparte de los gastos adicionales derivados de la elecci\u00f3n por su parte de un m\u00e9todo de env\u00edo distinto del env\u00edo est\u00e1ndar m\u00e1s barato ofrecido por nosotros), inmediatamente y en un plazo m\u00e1ximo de catorce d\u00edas a partir de la fecha en que recibamos la notificaci\u00f3n de su revocaci\u00f3n del presente Acuerdo. Para este reembolso, utilizaremos el mismo medio de pago que utiliz\u00f3 para la transacci\u00f3n original, a menos que se acuerde expresamente lo contrario con usted; en ning\u00fan caso se le cobrar\u00e1 este reembolso.<\/p>\n<p>Podemos negarnos a hacer cualquier reembolso hasta que hayamos recibido la mercanc\u00eda de vuelta o hasta que usted haya proporcionado la prueba de que ha devuelto la mercanc\u00eda, lo que ocurra primero.<\/p>\n<p>Debe devolvernos o entregarnos la mercanc\u00eda inmediatamente y, en cualquier caso, en un plazo m\u00e1ximo de catorce d\u00edas a partir de la fecha en que nos notifique la cancelaci\u00f3n de este contrato. Se considerar\u00e1 que se ha respetado este plazo si se despacha la mercanc\u00eda antes de que expire el plazo de catorce d\u00edas.<\/p>\n<p>Usted correr\u00e1 con los gastos directos de la devoluci\u00f3n de la mercanc\u00eda.<\/p>\n<p>Fin de la instrucci\u00f3n de revocaci\u00f3n<\/p>\n<hr class=\"wp-block-separator\" \/>\n<p>\u00a77 Formulario de revocaci\u00f3n<\/p>\n<p>Ejemplo de formulario de cancelaci\u00f3n (Si desea cancelar el contrato, por favor, rellene y devuelva este formulario)<br \/>\nPara..:<br \/>\nAlexandra Trivi\u00f1o<br \/>\nAleandra Trivi\u00f1o<br \/>\nB\u00f6heimstr. 105<br \/>\nD-70199 Stuttgart<br \/>\nE-mail kontakt@alexandra-trivino.com<\/p>\n<p>Yo\/nosotros (<em>) revoco el contrato celebrado por m\u00ed\/nosotros (<\/em>) para la compra de los siguientes bienes (<em>)\/la prestaci\u00f3n del siguiente servicio (<\/em>)<\/p>\n<hr class=\"wp-block-separator\" \/>\n<p>Pedido el (<em>)\/recibido el (<\/em>)<\/p>\n<hr class=\"wp-block-separator\" \/>\n<p>Nombre del consumidor(es)<\/p>\n<hr class=\"wp-block-separator\" \/>\n<p>Direcci\u00f3n del consumidor o consumidores<\/p>\n<hr class=\"wp-block-separator\" \/>\n<p>Firma del consumidor o consumidores (s\u00f3lo en caso de comunicaci\u00f3n en papel)<\/p>\n<hr class=\"wp-block-separator\" \/>\n<p>Fecha<\/p>\n<hr class=\"wp-block-separator\" \/>\n<p>(*) Supr\u00edmase seg\u00fan corresponda.<\/p>\n<p>\u00a78 Garant\u00eda Se aplicar\u00e1n las disposiciones legales de garant\u00eda.<\/p>\n<p>\u00a79 Lenguaje del contrato<\/p>\n<p>El alem\u00e1n es el \u00fanico idioma contractual.<\/p>\n<hr class=\"wp-block-separator\" \/>\n<p>\u00a710 Servicio al cliente<br \/>\nNuestro servicio de atenci\u00f3n al cliente para preguntas, quejas y objeciones est\u00e1 disponible para usted los d\u00edas laborables de 9:00 a 17:00:<br \/>\ntel\u00e9fono: +49 711 606896<br \/>\ne-mail: kontakt@alexandra-trivino.com<br \/>\na su disposici\u00f3n.<\/p>\n<hr class=\"wp-block-separator\" \/>\n<p>Estado del AGB Oct. 2019<\/p>\n<p>AGB libre creado por agb.de<\/p>\n<p>[\/vc_column_text][\/vc_column][\/vc_row][vc_row][vc_column width=\u00bb1\/1&#8243;][uncode_block id=\u00bb82756&#8243;][\/vc_column][\/vc_row]<\/p>\n<\/div>","protected":false},"excerpt":{"rendered":"<p>[vc_row][vc_column width=\u00bb1\/1&#8243;][vc_column_text uncode_shortcode_id=\u00bb211212&#8243;]Condiciones generales de contrataci\u00f3n \u00a71 Validez frente a los empresarios y definiciones de t\u00e9rminos(1) Las siguientes Condiciones Generales [&hellip;]<\/p>\n","protected":false},"author":1,"featured_media":0,"parent":0,"menu_order":0,"comment_status":"closed","ping_status":"closed","template":"","meta":{"footnotes":""},"class_list":["post-82892","page","type-page","status-publish","hentry"],"yoast_head":"<!-- This site is optimized with the Yoast SEO plugin v26.7 - https:\/\/yoast.com\/wordpress\/plugins\/seo\/ -->\n<title>T\u00e9rminos y condiciones generales - Taller de cer\u00e1mica. Arte y Dise\u00f1o Gr\u00e1fico. Alexandra Trivi\u00f1o<\/title>\n<meta name=\"description\" content=\"Alexandra Trivi\u00f1o es arquitecta y ha trabajado como dise\u00f1adora gr\u00e1fica para multitud de empresas, realizando tambi\u00e9n varias exposiciones de arte digital. Actualmente compagina su trabajo con un estudio de cer\u00e1mica abierto al publico y realiza esculturas y objetos \u00fanicos.\" \/>\n<meta name=\"robots\" content=\"index, follow, max-snippet:-1, max-image-preview:large, max-video-preview:-1\" \/>\n<link rel=\"canonical\" href=\"https:\/\/alexandratrivino.com\/es\/terminos-y-condiciones-generales\/\" \/>\n<meta property=\"og:locale\" content=\"es_ES\" \/>\n<meta property=\"og:type\" content=\"article\" \/>\n<meta property=\"og:title\" content=\"T\u00e9rminos y condiciones generales - Taller de cer\u00e1mica. Arte y Dise\u00f1o Gr\u00e1fico. Alexandra Trivi\u00f1o\" \/>\n<meta property=\"og:description\" content=\"Alexandra Trivi\u00f1o es arquitecta y ha trabajado como dise\u00f1adora gr\u00e1fica para multitud de empresas, realizando tambi\u00e9n varias exposiciones de arte digital. Actualmente compagina su trabajo con un estudio de cer\u00e1mica abierto al publico y realiza esculturas y objetos \u00fanicos.\" \/>\n<meta property=\"og:url\" content=\"https:\/\/alexandratrivino.com\/es\/terminos-y-condiciones-generales\/\" \/>\n<meta property=\"og:site_name\" content=\"Taller de cer\u00e1mica. Arte y Dise\u00f1o Gr\u00e1fico. Alexandra Trivi\u00f1o\" \/>\n<meta property=\"article:publisher\" content=\"https:\/\/www.facebook.com\/AlexandraTrivinoBarros\/\" \/>\n<meta property=\"article:modified_time\" content=\"2023-01-11T16:51:13+00:00\" \/>\n<meta name=\"twitter:card\" content=\"summary_large_image\" \/>\n<meta name=\"twitter:label1\" content=\"Tiempo de lectura\" \/>\n\t<meta name=\"twitter:data1\" content=\"7 minutos\" \/>\n<script type=\"application\/ld+json\" class=\"yoast-schema-graph\">{\"@context\":\"https:\/\/schema.org\",\"@graph\":[{\"@type\":\"WebPage\",\"@id\":\"https:\/\/alexandratrivino.com\/es\/terminos-y-condiciones-generales\/\",\"url\":\"https:\/\/alexandratrivino.com\/es\/terminos-y-condiciones-generales\/\",\"name\":\"T\u00e9rminos y condiciones generales - Taller de cer\u00e1mica. Arte y Dise\u00f1o Gr\u00e1fico. Alexandra Trivi\u00f1o\",\"isPartOf\":{\"@id\":\"https:\/\/alexandratrivino.com\/es\/#website\"},\"datePublished\":\"2022-08-09T14:11:37+00:00\",\"dateModified\":\"2023-01-11T16:51:13+00:00\",\"description\":\"Alexandra Trivi\u00f1o es arquitecta y ha trabajado como dise\u00f1adora gr\u00e1fica para multitud de empresas, realizando tambi\u00e9n varias exposiciones de arte digital. Actualmente compagina su trabajo con un estudio de cer\u00e1mica abierto al publico y realiza esculturas y objetos \u00fanicos.\",\"breadcrumb\":{\"@id\":\"https:\/\/alexandratrivino.com\/es\/terminos-y-condiciones-generales\/#breadcrumb\"},\"inLanguage\":\"es\",\"potentialAction\":[{\"@type\":\"ReadAction\",\"target\":[\"https:\/\/alexandratrivino.com\/es\/terminos-y-condiciones-generales\/\"]}]},{\"@type\":\"BreadcrumbList\",\"@id\":\"https:\/\/alexandratrivino.com\/es\/terminos-y-condiciones-generales\/#breadcrumb\",\"itemListElement\":[{\"@type\":\"ListItem\",\"position\":1,\"name\":\"Portada\",\"item\":\"https:\/\/alexandratrivino.com\/es\/\"},{\"@type\":\"ListItem\",\"position\":2,\"name\":\"T\u00e9rminos y condiciones generales\"}]},{\"@type\":\"WebSite\",\"@id\":\"https:\/\/alexandratrivino.com\/es\/#website\",\"url\":\"https:\/\/alexandratrivino.com\/es\/\",\"name\":\"Taller de cer\u00e1mica. Arte y Dise\u00f1o Gr\u00e1fico. Alexandra Trivi\u00f1o\",\"description\":\"Estudio y taller de cer\u00e1mica de Alexandra Trivi\u00f1o en Stuttgart, Madrid y Barcelona.\",\"publisher\":{\"@id\":\"https:\/\/alexandratrivino.com\/es\/#organization\"},\"alternateName\":\"Estudio de cer\u00e1mica de Alexandra Trivi\u00f1o en Stuttgart\",\"potentialAction\":[{\"@type\":\"SearchAction\",\"target\":{\"@type\":\"EntryPoint\",\"urlTemplate\":\"https:\/\/alexandratrivino.com\/es\/?s={search_term_string}\"},\"query-input\":{\"@type\":\"PropertyValueSpecification\",\"valueRequired\":true,\"valueName\":\"search_term_string\"}}],\"inLanguage\":\"es\"},{\"@type\":\"Organization\",\"@id\":\"https:\/\/alexandratrivino.com\/es\/#organization\",\"name\":\"Taller de cer\u00e1mica. Arte y Dise\u00f1o Gr\u00e1fico. Alexandra Trivi\u00f1o\",\"url\":\"https:\/\/alexandratrivino.com\/es\/\",\"logo\":{\"@type\":\"ImageObject\",\"inLanguage\":\"es\",\"@id\":\"https:\/\/alexandratrivino.com\/es\/#\/schema\/logo\/image\/\",\"url\":\"https:\/\/alexandratrivino.com\/es\/wp-content\/uploads\/2022\/06\/cropped-cropped-Logo_500px.jpg\",\"contentUrl\":\"https:\/\/alexandratrivino.com\/es\/wp-content\/uploads\/2022\/06\/cropped-cropped-Logo_500px.jpg\",\"width\":512,\"height\":512,\"caption\":\"Taller de cer\u00e1mica. Arte y Dise\u00f1o Gr\u00e1fico. Alexandra Trivi\u00f1o\"},\"image\":{\"@id\":\"https:\/\/alexandratrivino.com\/es\/#\/schema\/logo\/image\/\"},\"sameAs\":[\"https:\/\/www.facebook.com\/AlexandraTrivinoBarros\/\",\"https:\/\/www.instagram.com\/trivino_alexandra\/\"]}]}<\/script>\n<!-- \/ Yoast SEO plugin. -->","yoast_head_json":{"title":"T\u00e9rminos y condiciones generales - Taller de cer\u00e1mica. Arte y Dise\u00f1o Gr\u00e1fico. Alexandra Trivi\u00f1o","description":"Alexandra Trivi\u00f1o es arquitecta y ha trabajado como dise\u00f1adora gr\u00e1fica para multitud de empresas, realizando tambi\u00e9n varias exposiciones de arte digital. Actualmente compagina su trabajo con un estudio de cer\u00e1mica abierto al publico y realiza esculturas y objetos \u00fanicos.","robots":{"index":"index","follow":"follow","max-snippet":"max-snippet:-1","max-image-preview":"max-image-preview:large","max-video-preview":"max-video-preview:-1"},"canonical":"https:\/\/alexandratrivino.com\/es\/terminos-y-condiciones-generales\/","og_locale":"es_ES","og_type":"article","og_title":"T\u00e9rminos y condiciones generales - Taller de cer\u00e1mica. Arte y Dise\u00f1o Gr\u00e1fico. Alexandra Trivi\u00f1o","og_description":"Alexandra Trivi\u00f1o es arquitecta y ha trabajado como dise\u00f1adora gr\u00e1fica para multitud de empresas, realizando tambi\u00e9n varias exposiciones de arte digital. Actualmente compagina su trabajo con un estudio de cer\u00e1mica abierto al publico y realiza esculturas y objetos \u00fanicos.","og_url":"https:\/\/alexandratrivino.com\/es\/terminos-y-condiciones-generales\/","og_site_name":"Taller de cer\u00e1mica. Arte y Dise\u00f1o Gr\u00e1fico. Alexandra Trivi\u00f1o","article_publisher":"https:\/\/www.facebook.com\/AlexandraTrivinoBarros\/","article_modified_time":"2023-01-11T16:51:13+00:00","twitter_card":"summary_large_image","twitter_misc":{"Tiempo de lectura":"7 minutos"},"schema":{"@context":"https:\/\/schema.org","@graph":[{"@type":"WebPage","@id":"https:\/\/alexandratrivino.com\/es\/terminos-y-condiciones-generales\/","url":"https:\/\/alexandratrivino.com\/es\/terminos-y-condiciones-generales\/","name":"T\u00e9rminos y condiciones generales - Taller de cer\u00e1mica. Arte y Dise\u00f1o Gr\u00e1fico. Alexandra Trivi\u00f1o","isPartOf":{"@id":"https:\/\/alexandratrivino.com\/es\/#website"},"datePublished":"2022-08-09T14:11:37+00:00","dateModified":"2023-01-11T16:51:13+00:00","description":"Alexandra Trivi\u00f1o es arquitecta y ha trabajado como dise\u00f1adora gr\u00e1fica para multitud de empresas, realizando tambi\u00e9n varias exposiciones de arte digital. Actualmente compagina su trabajo con un estudio de cer\u00e1mica abierto al publico y realiza esculturas y objetos \u00fanicos.","breadcrumb":{"@id":"https:\/\/alexandratrivino.com\/es\/terminos-y-condiciones-generales\/#breadcrumb"},"inLanguage":"es","potentialAction":[{"@type":"ReadAction","target":["https:\/\/alexandratrivino.com\/es\/terminos-y-condiciones-generales\/"]}]},{"@type":"BreadcrumbList","@id":"https:\/\/alexandratrivino.com\/es\/terminos-y-condiciones-generales\/#breadcrumb","itemListElement":[{"@type":"ListItem","position":1,"name":"Portada","item":"https:\/\/alexandratrivino.com\/es\/"},{"@type":"ListItem","position":2,"name":"T\u00e9rminos y condiciones generales"}]},{"@type":"WebSite","@id":"https:\/\/alexandratrivino.com\/es\/#website","url":"https:\/\/alexandratrivino.com\/es\/","name":"Taller de cer\u00e1mica. Arte y Dise\u00f1o Gr\u00e1fico. Alexandra Trivi\u00f1o","description":"Estudio y taller de cer\u00e1mica de Alexandra Trivi\u00f1o en Stuttgart, Madrid y Barcelona.","publisher":{"@id":"https:\/\/alexandratrivino.com\/es\/#organization"},"alternateName":"Estudio de cer\u00e1mica de Alexandra Trivi\u00f1o en Stuttgart","potentialAction":[{"@type":"SearchAction","target":{"@type":"EntryPoint","urlTemplate":"https:\/\/alexandratrivino.com\/es\/?s={search_term_string}"},"query-input":{"@type":"PropertyValueSpecification","valueRequired":true,"valueName":"search_term_string"}}],"inLanguage":"es"},{"@type":"Organization","@id":"https:\/\/alexandratrivino.com\/es\/#organization","name":"Taller de cer\u00e1mica. Arte y Dise\u00f1o Gr\u00e1fico. Alexandra Trivi\u00f1o","url":"https:\/\/alexandratrivino.com\/es\/","logo":{"@type":"ImageObject","inLanguage":"es","@id":"https:\/\/alexandratrivino.com\/es\/#\/schema\/logo\/image\/","url":"https:\/\/alexandratrivino.com\/es\/wp-content\/uploads\/2022\/06\/cropped-cropped-Logo_500px.jpg","contentUrl":"https:\/\/alexandratrivino.com\/es\/wp-content\/uploads\/2022\/06\/cropped-cropped-Logo_500px.jpg","width":512,"height":512,"caption":"Taller de cer\u00e1mica. Arte y Dise\u00f1o Gr\u00e1fico. Alexandra Trivi\u00f1o"},"image":{"@id":"https:\/\/alexandratrivino.com\/es\/#\/schema\/logo\/image\/"},"sameAs":["https:\/\/www.facebook.com\/AlexandraTrivinoBarros\/","https:\/\/www.instagram.com\/trivino_alexandra\/"]}]}},"_links":{"self":[{"href":"https:\/\/alexandratrivino.com\/es\/wp-json\/wp\/v2\/pages\/82892","targetHints":{"allow":["GET"]}}],"collection":[{"href":"https:\/\/alexandratrivino.com\/es\/wp-json\/wp\/v2\/pages"}],"about":[{"href":"https:\/\/alexandratrivino.com\/es\/wp-json\/wp\/v2\/types\/page"}],"author":[{"embeddable":true,"href":"https:\/\/alexandratrivino.com\/es\/wp-json\/wp\/v2\/users\/1"}],"replies":[{"embeddable":true,"href":"https:\/\/alexandratrivino.com\/es\/wp-json\/wp\/v2\/comments?post=82892"}],"version-history":[{"count":5,"href":"https:\/\/alexandratrivino.com\/es\/wp-json\/wp\/v2\/pages\/82892\/revisions"}],"predecessor-version":[{"id":83526,"href":"https:\/\/alexandratrivino.com\/es\/wp-json\/wp\/v2\/pages\/82892\/revisions\/83526"}],"wp:attachment":[{"href":"https:\/\/alexandratrivino.com\/es\/wp-json\/wp\/v2\/media?parent=82892"}],"curies":[{"name":"wp","href":"https:\/\/api.w.org\/{rel}","templated":true}]}}