{"id":82680,"date":"2022-07-13T15:48:50","date_gmt":"2022-07-13T13:48:50","guid":{"rendered":"https:\/\/alexandratrivino.com\/?page_id=82680"},"modified":"2025-10-13T16:42:20","modified_gmt":"2025-10-13T14:42:20","slug":"ceramica","status":"publish","type":"page","link":"https:\/\/alexandratrivino.com\/es\/ceramica\/","title":{"rendered":"Cer\u00e1mica"},"content":{"rendered":"<div class=\"wpb-content-wrapper\"><p>[vc_row row_height_percent=\u00bb0&#8243; back_color=\u00bbcolor-lxmt\u00bb overlay_alpha=\u00bb50&#8243; gutter_size=\u00bb3&#8243; column_width_percent=\u00bb100&#8243; shift_y=\u00bb0&#8243; z_index=\u00bb0&#8243; uncode_shortcode_id=\u00bb111948&#8243; back_color_type=\u00bbuncode-palette\u00bb][vc_column column_width_percent=\u00bb100&#8243; position_vertical=\u00bbmiddle\u00bb gutter_size=\u00bb3&#8243; overlay_alpha=\u00bb50&#8243; shift_x=\u00bb0&#8243; shift_y=\u00bb0&#8243; shift_y_down=\u00bb0&#8243; z_index=\u00bb0&#8243; medium_width=\u00bb0&#8243; mobile_width=\u00bb0&#8243; width=\u00bb1\/2&#8243; uncode_shortcode_id=\u00bb162110&#8243;][vc_custom_heading text_color=\u00bbcolor-193118&#8243; text_font=\u00bbfont-188611&#8243; text_weight=\u00bb200&#8243; uncode_shortcode_id=\u00bb227107&#8243; text_color_type=\u00bbuncode-palette\u00bb]CER\u00c1MICA[\/vc_custom_heading][vc_column_text uncode_shortcode_id=\u00bb260814&#8243;]Aqui puedes ver y adquirir algunos de nuestros trabajos: jarrones, candelabros, tazas, cuencos, platos\u2026 .<\/p>\n<p>Puedes comprar la cer\u00e1mica online y te lo enviamos por correo o nos encuentras de Jueves a S\u00e1bado de 13:00 \u2013 20:00 h en el taller de Katharinenplatz 3, Stuttgart. Alemania[\/vc_column_text][vc_button button_color=\u00bbcolor-578785&#8243; radius=\u00bbbtn-round\u00bb border_width=\u00bb0&#8243; link=\u00bburl:https%3A%2F%2Falexandratrivino.com%2Fkeramik%2F|target:_blank\u00bb button_color_type=\u00bbuncode-palette\u00bb uncode_shortcode_id=\u00bb594140&#8243;]Ver la tienda[\/vc_button][\/vc_column][vc_column width=\u00bb1\/2&#8243;][vc_single_image media=\u00bb83605&#8243; media_width_percent=\u00bb100&#8243; uncode_shortcode_id=\u00bb872769&#8243;][\/vc_column][\/vc_row][vc_row][vc_column width=\u00bb1\/1&#8243;][uncode_block id=\u00bb82756&#8243;][\/vc_column][\/vc_row]<\/p>\n<\/div>","protected":false},"excerpt":{"rendered":"<p>[vc_row row_height_percent=\u00bb0&#8243; back_color=\u00bbcolor-lxmt\u00bb overlay_alpha=\u00bb50&#8243; gutter_size=\u00bb3&#8243; column_width_percent=\u00bb100&#8243; shift_y=\u00bb0&#8243; z_index=\u00bb0&#8243; uncode_shortcode_id=\u00bb111948&#8243; back_color_type=\u00bbuncode-palette\u00bb][vc_column column_width_percent=\u00bb100&#8243; position_vertical=\u00bbmiddle\u00bb gutter_size=\u00bb3&#8243; overlay_alpha=\u00bb50&#8243; shift_x=\u00bb0&#8243; shift_y=\u00bb0&#8243; shift_y_down=\u00bb0&#8243; z_index=\u00bb0&#8243; medium_width=\u00bb0&#8243; mobile_width=\u00bb0&#8243; [&hellip;]<\/p>\n","protected":false},"author":1,"featured_media":0,"parent":0,"menu_order":0,"comment_status":"closed","ping_status":"closed","template":"","meta":{"footnotes":""},"class_list":["post-82680","page","type-page","status-publish","hentry"],"yoast_head":"<!-- This site is optimized with the Yoast SEO plugin v26.7 - https:\/\/yoast.com\/wordpress\/plugins\/seo\/ -->\n<title>Cer\u00e1mica - Taller de cer\u00e1mica. Arte y Dise\u00f1o Gr\u00e1fico. Alexandra Trivi\u00f1o<\/title>\n<meta name=\"description\" content=\"Alexandra Trivi\u00f1o es arquitecta y ha trabajado como dise\u00f1adora gr\u00e1fica para multitud de empresas, realizando tambi\u00e9n varias exposiciones de arte digital. Actualmente compagina su trabajo con un estudio de cer\u00e1mica abierto al publico y realiza esculturas y objetos \u00fanicos.\" \/>\n<meta name=\"robots\" content=\"index, follow, max-snippet:-1, max-image-preview:large, max-video-preview:-1\" \/>\n<link rel=\"canonical\" href=\"https:\/\/alexandratrivino.com\/es\/ceramica\/\" \/>\n<meta property=\"og:locale\" content=\"es_ES\" \/>\n<meta property=\"og:type\" content=\"article\" \/>\n<meta property=\"og:title\" content=\"Cer\u00e1mica - Taller de cer\u00e1mica. Arte y Dise\u00f1o Gr\u00e1fico. Alexandra Trivi\u00f1o\" \/>\n<meta property=\"og:description\" content=\"Alexandra Trivi\u00f1o es arquitecta y ha trabajado como dise\u00f1adora gr\u00e1fica para multitud de empresas, realizando tambi\u00e9n varias exposiciones de arte digital. Actualmente compagina su trabajo con un estudio de cer\u00e1mica abierto al publico y realiza esculturas y objetos \u00fanicos.\" \/>\n<meta property=\"og:url\" content=\"https:\/\/alexandratrivino.com\/es\/ceramica\/\" \/>\n<meta property=\"og:site_name\" content=\"Taller de cer\u00e1mica. Arte y Dise\u00f1o Gr\u00e1fico. Alexandra Trivi\u00f1o\" \/>\n<meta property=\"article:publisher\" content=\"https:\/\/www.facebook.com\/AlexandraTrivinoBarros\/\" \/>\n<meta property=\"article:modified_time\" content=\"2025-10-13T14:42:20+00:00\" \/>\n<meta name=\"twitter:card\" content=\"summary_large_image\" \/>\n<meta name=\"twitter:label1\" content=\"Tiempo de lectura\" \/>\n\t<meta name=\"twitter:data1\" content=\"1 minuto\" \/>\n<script type=\"application\/ld+json\" class=\"yoast-schema-graph\">{\"@context\":\"https:\/\/schema.org\",\"@graph\":[{\"@type\":\"WebPage\",\"@id\":\"https:\/\/alexandratrivino.com\/es\/ceramica\/\",\"url\":\"https:\/\/alexandratrivino.com\/es\/ceramica\/\",\"name\":\"Cer\u00e1mica - Taller de cer\u00e1mica. Arte y Dise\u00f1o Gr\u00e1fico. Alexandra Trivi\u00f1o\",\"isPartOf\":{\"@id\":\"https:\/\/alexandratrivino.com\/es\/#website\"},\"datePublished\":\"2022-07-13T13:48:50+00:00\",\"dateModified\":\"2025-10-13T14:42:20+00:00\",\"description\":\"Alexandra Trivi\u00f1o es arquitecta y ha trabajado como dise\u00f1adora gr\u00e1fica para multitud de empresas, realizando tambi\u00e9n varias exposiciones de arte digital. Actualmente compagina su trabajo con un estudio de cer\u00e1mica abierto al publico y realiza esculturas y objetos \u00fanicos.\",\"breadcrumb\":{\"@id\":\"https:\/\/alexandratrivino.com\/es\/ceramica\/#breadcrumb\"},\"inLanguage\":\"es\",\"potentialAction\":[{\"@type\":\"ReadAction\",\"target\":[\"https:\/\/alexandratrivino.com\/es\/ceramica\/\"]}]},{\"@type\":\"BreadcrumbList\",\"@id\":\"https:\/\/alexandratrivino.com\/es\/ceramica\/#breadcrumb\",\"itemListElement\":[{\"@type\":\"ListItem\",\"position\":1,\"name\":\"Portada\",\"item\":\"https:\/\/alexandratrivino.com\/es\/\"},{\"@type\":\"ListItem\",\"position\":2,\"name\":\"Cer\u00e1mica\"}]},{\"@type\":\"WebSite\",\"@id\":\"https:\/\/alexandratrivino.com\/es\/#website\",\"url\":\"https:\/\/alexandratrivino.com\/es\/\",\"name\":\"Taller de cer\u00e1mica. Arte y Dise\u00f1o Gr\u00e1fico. Alexandra Trivi\u00f1o\",\"description\":\"Estudio y taller de cer\u00e1mica de Alexandra Trivi\u00f1o en Stuttgart, Madrid y Barcelona.\",\"publisher\":{\"@id\":\"https:\/\/alexandratrivino.com\/es\/#organization\"},\"alternateName\":\"Estudio de cer\u00e1mica de Alexandra Trivi\u00f1o en Stuttgart\",\"potentialAction\":[{\"@type\":\"SearchAction\",\"target\":{\"@type\":\"EntryPoint\",\"urlTemplate\":\"https:\/\/alexandratrivino.com\/es\/?s={search_term_string}\"},\"query-input\":{\"@type\":\"PropertyValueSpecification\",\"valueRequired\":true,\"valueName\":\"search_term_string\"}}],\"inLanguage\":\"es\"},{\"@type\":\"Organization\",\"@id\":\"https:\/\/alexandratrivino.com\/es\/#organization\",\"name\":\"Taller de cer\u00e1mica. Arte y Dise\u00f1o Gr\u00e1fico. Alexandra Trivi\u00f1o\",\"url\":\"https:\/\/alexandratrivino.com\/es\/\",\"logo\":{\"@type\":\"ImageObject\",\"inLanguage\":\"es\",\"@id\":\"https:\/\/alexandratrivino.com\/es\/#\/schema\/logo\/image\/\",\"url\":\"https:\/\/alexandratrivino.com\/es\/wp-content\/uploads\/2022\/06\/cropped-cropped-Logo_500px.jpg\",\"contentUrl\":\"https:\/\/alexandratrivino.com\/es\/wp-content\/uploads\/2022\/06\/cropped-cropped-Logo_500px.jpg\",\"width\":512,\"height\":512,\"caption\":\"Taller de cer\u00e1mica. Arte y Dise\u00f1o Gr\u00e1fico. Alexandra Trivi\u00f1o\"},\"image\":{\"@id\":\"https:\/\/alexandratrivino.com\/es\/#\/schema\/logo\/image\/\"},\"sameAs\":[\"https:\/\/www.facebook.com\/AlexandraTrivinoBarros\/\",\"https:\/\/www.instagram.com\/trivino_alexandra\/\"]}]}<\/script>\n<!-- \/ Yoast SEO plugin. -->","yoast_head_json":{"title":"Cer\u00e1mica - Taller de cer\u00e1mica. Arte y Dise\u00f1o Gr\u00e1fico. Alexandra Trivi\u00f1o","description":"Alexandra Trivi\u00f1o es arquitecta y ha trabajado como dise\u00f1adora gr\u00e1fica para multitud de empresas, realizando tambi\u00e9n varias exposiciones de arte digital. Actualmente compagina su trabajo con un estudio de cer\u00e1mica abierto al publico y realiza esculturas y objetos \u00fanicos.","robots":{"index":"index","follow":"follow","max-snippet":"max-snippet:-1","max-image-preview":"max-image-preview:large","max-video-preview":"max-video-preview:-1"},"canonical":"https:\/\/alexandratrivino.com\/es\/ceramica\/","og_locale":"es_ES","og_type":"article","og_title":"Cer\u00e1mica - Taller de cer\u00e1mica. Arte y Dise\u00f1o Gr\u00e1fico. Alexandra Trivi\u00f1o","og_description":"Alexandra Trivi\u00f1o es arquitecta y ha trabajado como dise\u00f1adora gr\u00e1fica para multitud de empresas, realizando tambi\u00e9n varias exposiciones de arte digital. Actualmente compagina su trabajo con un estudio de cer\u00e1mica abierto al publico y realiza esculturas y objetos \u00fanicos.","og_url":"https:\/\/alexandratrivino.com\/es\/ceramica\/","og_site_name":"Taller de cer\u00e1mica. Arte y Dise\u00f1o Gr\u00e1fico. Alexandra Trivi\u00f1o","article_publisher":"https:\/\/www.facebook.com\/AlexandraTrivinoBarros\/","article_modified_time":"2025-10-13T14:42:20+00:00","twitter_card":"summary_large_image","twitter_misc":{"Tiempo de lectura":"1 minuto"},"schema":{"@context":"https:\/\/schema.org","@graph":[{"@type":"WebPage","@id":"https:\/\/alexandratrivino.com\/es\/ceramica\/","url":"https:\/\/alexandratrivino.com\/es\/ceramica\/","name":"Cer\u00e1mica - Taller de cer\u00e1mica. Arte y Dise\u00f1o Gr\u00e1fico. Alexandra Trivi\u00f1o","isPartOf":{"@id":"https:\/\/alexandratrivino.com\/es\/#website"},"datePublished":"2022-07-13T13:48:50+00:00","dateModified":"2025-10-13T14:42:20+00:00","description":"Alexandra Trivi\u00f1o es arquitecta y ha trabajado como dise\u00f1adora gr\u00e1fica para multitud de empresas, realizando tambi\u00e9n varias exposiciones de arte digital. Actualmente compagina su trabajo con un estudio de cer\u00e1mica abierto al publico y realiza esculturas y objetos \u00fanicos.","breadcrumb":{"@id":"https:\/\/alexandratrivino.com\/es\/ceramica\/#breadcrumb"},"inLanguage":"es","potentialAction":[{"@type":"ReadAction","target":["https:\/\/alexandratrivino.com\/es\/ceramica\/"]}]},{"@type":"BreadcrumbList","@id":"https:\/\/alexandratrivino.com\/es\/ceramica\/#breadcrumb","itemListElement":[{"@type":"ListItem","position":1,"name":"Portada","item":"https:\/\/alexandratrivino.com\/es\/"},{"@type":"ListItem","position":2,"name":"Cer\u00e1mica"}]},{"@type":"WebSite","@id":"https:\/\/alexandratrivino.com\/es\/#website","url":"https:\/\/alexandratrivino.com\/es\/","name":"Taller de cer\u00e1mica. Arte y Dise\u00f1o Gr\u00e1fico. Alexandra Trivi\u00f1o","description":"Estudio y taller de cer\u00e1mica de Alexandra Trivi\u00f1o en Stuttgart, Madrid y Barcelona.","publisher":{"@id":"https:\/\/alexandratrivino.com\/es\/#organization"},"alternateName":"Estudio de cer\u00e1mica de Alexandra Trivi\u00f1o en Stuttgart","potentialAction":[{"@type":"SearchAction","target":{"@type":"EntryPoint","urlTemplate":"https:\/\/alexandratrivino.com\/es\/?s={search_term_string}"},"query-input":{"@type":"PropertyValueSpecification","valueRequired":true,"valueName":"search_term_string"}}],"inLanguage":"es"},{"@type":"Organization","@id":"https:\/\/alexandratrivino.com\/es\/#organization","name":"Taller de cer\u00e1mica. Arte y Dise\u00f1o Gr\u00e1fico. Alexandra Trivi\u00f1o","url":"https:\/\/alexandratrivino.com\/es\/","logo":{"@type":"ImageObject","inLanguage":"es","@id":"https:\/\/alexandratrivino.com\/es\/#\/schema\/logo\/image\/","url":"https:\/\/alexandratrivino.com\/es\/wp-content\/uploads\/2022\/06\/cropped-cropped-Logo_500px.jpg","contentUrl":"https:\/\/alexandratrivino.com\/es\/wp-content\/uploads\/2022\/06\/cropped-cropped-Logo_500px.jpg","width":512,"height":512,"caption":"Taller de cer\u00e1mica. Arte y Dise\u00f1o Gr\u00e1fico. Alexandra Trivi\u00f1o"},"image":{"@id":"https:\/\/alexandratrivino.com\/es\/#\/schema\/logo\/image\/"},"sameAs":["https:\/\/www.facebook.com\/AlexandraTrivinoBarros\/","https:\/\/www.instagram.com\/trivino_alexandra\/"]}]}},"_links":{"self":[{"href":"https:\/\/alexandratrivino.com\/es\/wp-json\/wp\/v2\/pages\/82680","targetHints":{"allow":["GET"]}}],"collection":[{"href":"https:\/\/alexandratrivino.com\/es\/wp-json\/wp\/v2\/pages"}],"about":[{"href":"https:\/\/alexandratrivino.com\/es\/wp-json\/wp\/v2\/types\/page"}],"author":[{"embeddable":true,"href":"https:\/\/alexandratrivino.com\/es\/wp-json\/wp\/v2\/users\/1"}],"replies":[{"embeddable":true,"href":"https:\/\/alexandratrivino.com\/es\/wp-json\/wp\/v2\/comments?post=82680"}],"version-history":[{"count":15,"href":"https:\/\/alexandratrivino.com\/es\/wp-json\/wp\/v2\/pages\/82680\/revisions"}],"predecessor-version":[{"id":83647,"href":"https:\/\/alexandratrivino.com\/es\/wp-json\/wp\/v2\/pages\/82680\/revisions\/83647"}],"wp:attachment":[{"href":"https:\/\/alexandratrivino.com\/es\/wp-json\/wp\/v2\/media?parent=82680"}],"curies":[{"name":"wp","href":"https:\/\/api.w.org\/{rel}","templated":true}]}}