{"id":79865,"date":"2019-08-16T11:58:45","date_gmt":"2019-08-16T09:58:45","guid":{"rendered":"https:\/\/undsgn.com\/uncode\/?page_id=79865"},"modified":"2025-08-24T14:04:35","modified_gmt":"2025-08-24T12:04:35","slug":"arte-y-diseno-grafico","status":"publish","type":"page","link":"https:\/\/alexandratrivino.com\/es\/","title":{"rendered":"Arte y Dise\u00f1o Gr\u00e1fico"},"content":{"rendered":"<div class=\"wpb-content-wrapper\"><p>[vc_row unlock_row_content=\u00bbyes\u00bb row_height_percent=\u00bb0&#8243; override_padding=\u00bbyes\u00bb h_padding=\u00bb2&#8243; top_padding=\u00bb5&#8243; bottom_padding=\u00bb4&#8243; overlay_alpha=\u00bb50&#8243; gutter_size=\u00bb4&#8243; column_width_percent=\u00bb100&#8243; shift_y=\u00bb0&#8243; z_index=\u00bb0&#8243; row_name=\u00bbmain\u00bb uncode_shortcode_id=\u00bb189978&#8243;][vc_column column_width_use_pixel=\u00bbyes\u00bb align_horizontal=\u00bbalign_center\u00bb gutter_size=\u00bb2&#8243; font_family=\u00bbfont-175345&#8243; overlay_alpha=\u00bb50&#8243; shift_x=\u00bb0&#8243; shift_y=\u00bb0&#8243; shift_y_down=\u00bb0&#8243; z_index=\u00bb0&#8243; medium_width=\u00bb0&#8243; mobile_width=\u00bb0&#8243; css_animation=\u00bbbottom-t-top\u00bb animation_delay=\u00bb200&#8243; width=\u00bb1\/1&#8243; column_width_pixel=\u00bb600&#8243;][vc_custom_heading text_size=\u00bb\u00bb text_transform=\u00bbuppercase\u00bb uncode_shortcode_id=\u00bb423620&#8243;]Fotograf\u00eda de arte digital, cer\u00e1mica y Taller de cer\u00e1mica.[\/vc_custom_heading][\/vc_column][\/vc_row][vc_row row_height_percent=\u00bb0&#8243; override_padding=\u00bbyes\u00bb h_padding=\u00bb2&#8243; top_padding=\u00bb5&#8243; bottom_padding=\u00bb5&#8243; back_color=\u00bbcolor-lxmt\u00bb overlay_alpha=\u00bb50&#8243; gutter_size=\u00bb4&#8243; column_width_percent=\u00bb100&#8243; shift_y=\u00bb0&#8243; z_index=\u00bb0&#8243; top_divider=\u00bbstep\u00bb bottom_divider=\u00bbstep\u00bb][vc_column column_width_percent=\u00bb100&#8243; position_vertical=\u00bbmiddle\u00bb align_horizontal=\u00bbalign_right\u00bb gutter_size=\u00bb2&#8243; font_family=\u00bbfont-175345&#8243; overlay_alpha=\u00bb50&#8243; shift_x=\u00bb0&#8243; shift_y=\u00bb0&#8243; shift_y_down=\u00bb0&#8243; z_index=\u00bb0&#8243; medium_width=\u00bb3&#8243; align_mobile=\u00bbalign_center_mobile\u00bb mobile_width=\u00bb0&#8243; css_animation=\u00bbbottom-t-top\u00bb animation_delay=\u00bb200&#8243; width=\u00bb1\/3&#8243;][vc_custom_heading text_size=\u00bbh1&#8243; text_weight=\u00bb400&#8243; uncode_shortcode_id=\u00bb580296&#8243;]Lo que encontrar\u00e1s en este sitio web:[\/vc_custom_heading][vc_column_text uncode_shortcode_id=\u00bb159351&#8243;]Pinturas digitales y cer\u00e1mica para decorar tu casa y disfrutar de cosas bonitas cada d\u00eda o para hacer regalos originales. Y si te gusta ensuciarte las manos con la arcilla, ven al taller de cer\u00e1mica y haz regalos realmente artesanales o fabrica tu propia vajilla.[\/vc_column_text][\/vc_column][vc_column column_width_percent=\u00bb100&#8243; gutter_size=\u00bb3&#8243; overlay_alpha=\u00bb50&#8243; shift_x=\u00bb0&#8243; shift_y=\u00bb0&#8243; shift_y_down=\u00bb0&#8243; z_index=\u00bb0&#8243; medium_width=\u00bb5&#8243; mobile_width=\u00bb0&#8243; css_animation=\u00bbbottom-t-top\u00bb animation_delay=\u00bb200&#8243; width=\u00bb2\/3&#8243;][vc_single_image media=\u00bb83299&#8243; media_width_percent=\u00bb100&#8243; media_ratio=\u00bbthree-two\u00bb uncode_shortcode_id=\u00bb147274&#8243;][\/vc_column][\/vc_row][vc_row unlock_row_content=\u00bbyes\u00bb row_height_percent=\u00bb0&#8243; override_padding=\u00bbyes\u00bb h_padding=\u00bb7&#8243; top_padding=\u00bb2&#8243; bottom_padding=\u00bb2&#8243; overlay_alpha=\u00bb50&#8243; gutter_size=\u00bb4&#8243; column_width_percent=\u00bb100&#8243; shift_y=\u00bb0&#8243; z_index=\u00bb0&#8243; top_divider=\u00bbstep\u00bb bottom_divider=\u00bbstep\u00bb][vc_column column_width_percent=\u00bb100&#8243; gutter_size=\u00bb3&#8243; overlay_alpha=\u00bb50&#8243; shift_x=\u00bb0&#8243; shift_y=\u00bb2&#8243; shift_y_down=\u00bb0&#8243; z_index=\u00bb0&#8243; medium_width=\u00bb4&#8243; mobile_width=\u00bb0&#8243; css_animation=\u00bbbottom-t-top\u00bb animation_delay=\u00bb200&#8243; width=\u00bb1\/2&#8243;][vc_single_image media=\u00bb83621&#8243; media_width_percent=\u00bb100&#8243; media_ratio=\u00bbthree-four\u00bb uncode_shortcode_id=\u00bb149208&#8243;][\/vc_column][vc_column column_width_percent=\u00bb100&#8243; gutter_size=\u00bb3&#8243; font_family=\u00bbfont-175345&#8243; overlay_alpha=\u00bb50&#8243; shift_x=\u00bb0&#8243; shift_y=\u00bb-2&#8243; shift_y_down=\u00bb0&#8243; z_index=\u00bb0&#8243; medium_width=\u00bb4&#8243; align_mobile=\u00bbalign_center_mobile\u00bb mobile_width=\u00bb0&#8243; css_animation=\u00bbbottom-t-top\u00bb animation_delay=\u00bb200&#8243; width=\u00bb1\/2&#8243;][vc_single_image media=\u00bb83558&#8243; media_width_percent=\u00bb100&#8243; media_ratio=\u00bbthree-four\u00bb shadow=\u00bbyes\u00bb uncode_shortcode_id=\u00bb363683&#8243;][vc_column_text uncode_shortcode_id=\u00bb268751&#8243;]D\u00f3nde estamos? En Katharinenplatz 3, en Stuttgart. Abrimos los Martes y Jueves de 17:30 a 20:00h y S\u00e1bados de 13:00h a 17:00h[\/vc_column_text][\/vc_column][\/vc_row][vc_row row_height_percent=\u00bb0&#8243; override_padding=\u00bbyes\u00bb h_padding=\u00bb4&#8243; top_padding=\u00bb0&#8243; bottom_padding=\u00bb0&#8243; back_color=\u00bbcolor-lxmt\u00bb overlay_alpha=\u00bb50&#8243; gutter_size=\u00bb4&#8243; column_width_percent=\u00bb100&#8243; shift_y=\u00bb0&#8243; z_index=\u00bb0&#8243; enable_top_divider=\u00bbdefault\u00bb top_divider=\u00bbstep\u00bb shape_top_h_use_pixel=\u00bb\u00bb shape_top_height=\u00bb150&#8243; shape_top_opacity=\u00bb100&#8243; shape_top_index=\u00bb0&#8243; enable_bottom_divider=\u00bbdefault\u00bb bottom_divider=\u00bbstep\u00bb shape_bottom_h_use_pixel=\u00bb\u00bb shape_bottom_height=\u00bb150&#8243; shape_bottom_opacity=\u00bb100&#8243; shape_bottom_index=\u00bb0&#8243;][vc_column column_width_percent=\u00bb100&#8243; align_horizontal=\u00bbalign_right\u00bb gutter_size=\u00bb3&#8243; font_family=\u00bbfont-175345&#8243; overlay_alpha=\u00bb50&#8243; shift_x=\u00bb0&#8243; shift_y=\u00bb0&#8243; shift_y_down=\u00bb0&#8243; z_index=\u00bb0&#8243; medium_width=\u00bb3&#8243; mobile_width=\u00bb0&#8243; css_animation=\u00bbbottom-t-top\u00bb animation_delay=\u00bb200&#8243; width=\u00bb4\/12&#8243;][vc_single_image media=\u00bb83148&#8243; media_width_percent=\u00bb100&#8243; media_ratio=\u00bbthree-four\u00bb shadow=\u00bbyes\u00bb uncode_shortcode_id=\u00bb182221&#8243;][vc_single_image media=\u00bb83561&#8243; media_width_percent=\u00bb100&#8243; media_ratio=\u00bbthree-four\u00bb shadow=\u00bbyes\u00bb uncode_shortcode_id=\u00bb198249&#8243;][vc_row_inner limit_content=\u00bb\u00bb][vc_column_inner column_width_percent=\u00bb100&#8243; align_horizontal=\u00bbalign_right\u00bb gutter_size=\u00bb3&#8243; overlay_alpha=\u00bb50&#8243; shift_x=\u00bb0&#8243; shift_y=\u00bb0&#8243; shift_y_down=\u00bb0&#8243; z_index=\u00bb0&#8243; medium_width=\u00bb0&#8243; align_mobile=\u00bbalign_center_mobile\u00bb mobile_width=\u00bb0&#8243; width=\u00bb1\/1&#8243;][\/vc_column_inner][\/vc_row_inner][\/vc_column][vc_column column_width_percent=\u00bb100&#8243; gutter_size=\u00bb4&#8243; overlay_alpha=\u00bb50&#8243; shift_x=\u00bb0&#8243; shift_y=\u00bb2&#8243; shift_y_down=\u00bb0&#8243; z_index=\u00bb0&#8243; medium_width=\u00bb5&#8243; mobile_width=\u00bb0&#8243; width=\u00bb8\/12&#8243;][vc_row_inner limit_content=\u00bb\u00bb][vc_column_inner column_width_percent=\u00bb100&#8243; gutter_size=\u00bb3&#8243; overlay_alpha=\u00bb50&#8243; shift_x=\u00bb0&#8243; shift_y=\u00bb0&#8243; shift_y_down=\u00bb0&#8243; z_index=\u00bb0&#8243; medium_width=\u00bb0&#8243; mobile_width=\u00bb0&#8243; css_animation=\u00bbbottom-t-top\u00bb animation_delay=\u00bb200&#8243; width=\u00bb1\/1&#8243;][vc_single_image media=\u00bb83038&#8243; media_width_percent=\u00bb100&#8243; media_ratio=\u00bbthree-two\u00bb shadow=\u00bbyes\u00bb uncode_shortcode_id=\u00bb191959&#8243;][\/vc_column_inner][\/vc_row_inner][vc_row_inner limit_content=\u00bb\u00bb][vc_column_inner column_width_percent=\u00bb100&#8243; gutter_size=\u00bb3&#8243; overlay_alpha=\u00bb50&#8243; shift_x=\u00bb0&#8243; shift_y=\u00bb0&#8243; shift_y_down=\u00bb0&#8243; z_index=\u00bb0&#8243; medium_width=\u00bb4&#8243; mobile_width=\u00bb0&#8243; width=\u00bb1\/2&#8243;][vc_column_text uncode_shortcode_id=\u00bb107987&#8243;]Las fotograf\u00edas de arte digital las encuentras en la tienda online impresas en papel art\u00edstico de alta calidad con tintas de pigmentos\u00a0 en distintos formatos con o sin marco.[\/vc_column_text][\/vc_column_inner][\/vc_row_inner][\/vc_column][\/vc_row][vc_row][vc_column width=\u00bb1\/1&#8243;][uncode_block id=\u00bb82756&#8243;][\/vc_column][\/vc_row]<\/p>\n<\/div>","protected":false},"excerpt":{"rendered":"<p>[vc_row unlock_row_content=\u00bbyes\u00bb row_height_percent=\u00bb0&#8243; override_padding=\u00bbyes\u00bb h_padding=\u00bb2&#8243; top_padding=\u00bb5&#8243; bottom_padding=\u00bb4&#8243; overlay_alpha=\u00bb50&#8243; gutter_size=\u00bb4&#8243; column_width_percent=\u00bb100&#8243; shift_y=\u00bb0&#8243; z_index=\u00bb0&#8243; row_name=\u00bbmain\u00bb uncode_shortcode_id=\u00bb189978&#8243;][vc_column column_width_use_pixel=\u00bbyes\u00bb align_horizontal=\u00bbalign_center\u00bb gutter_size=\u00bb2&#8243; font_family=\u00bbfont-175345&#8243; overlay_alpha=\u00bb50&#8243; shift_x=\u00bb0&#8243; [&hellip;]<\/p>\n","protected":false},"author":1,"featured_media":83558,"parent":0,"menu_order":0,"comment_status":"closed","ping_status":"closed","template":"","meta":{"footnotes":""},"class_list":["post-79865","page","type-page","status-publish","has-post-thumbnail","hentry","page_category-demo-shop"],"yoast_head":"<!-- This site is optimized with the Yoast SEO plugin v26.7 - https:\/\/yoast.com\/wordpress\/plugins\/seo\/ -->\n<title>Arte y Dise\u00f1o Gr\u00e1fico - Taller de cer\u00e1mica. Arte y Dise\u00f1o Gr\u00e1fico. Alexandra Trivi\u00f1o<\/title>\n<meta name=\"description\" content=\"Alexandra Trivi\u00f1o es arquitecta y ha trabajado como dise\u00f1adora gr\u00e1fica para multitud de empresas, realizando tambi\u00e9n varias exposiciones de arte digital. Actualmente compagina su trabajo con un estudio de cer\u00e1mica abierto al publico y realiza esculturas y objetos \u00fanicos.\" \/>\n<meta name=\"robots\" content=\"index, follow, max-snippet:-1, max-image-preview:large, max-video-preview:-1\" \/>\n<link rel=\"canonical\" href=\"https:\/\/alexandratrivino.com\/es\/\" \/>\n<meta property=\"og:locale\" content=\"es_ES\" \/>\n<meta property=\"og:type\" content=\"article\" \/>\n<meta property=\"og:title\" content=\"Arte y Dise\u00f1o Gr\u00e1fico - Taller de cer\u00e1mica. Arte y Dise\u00f1o Gr\u00e1fico. Alexandra Trivi\u00f1o\" \/>\n<meta property=\"og:description\" content=\"Alexandra Trivi\u00f1o es arquitecta y ha trabajado como dise\u00f1adora gr\u00e1fica para multitud de empresas, realizando tambi\u00e9n varias exposiciones de arte digital. Actualmente compagina su trabajo con un estudio de cer\u00e1mica abierto al publico y realiza esculturas y objetos \u00fanicos.\" \/>\n<meta property=\"og:url\" content=\"https:\/\/alexandratrivino.com\/es\/\" \/>\n<meta property=\"og:site_name\" content=\"Taller de cer\u00e1mica. Arte y Dise\u00f1o Gr\u00e1fico. Alexandra Trivi\u00f1o\" \/>\n<meta property=\"article:publisher\" content=\"https:\/\/www.facebook.com\/AlexandraTrivinoBarros\/\" \/>\n<meta property=\"article:modified_time\" content=\"2025-08-24T12:04:35+00:00\" \/>\n<meta property=\"og:image\" content=\"https:\/\/alexandratrivino.com\/es\/wp-content\/uploads\/2019\/08\/Captura-de-pantalla-2022-07-13-132119-1024x455.png\" \/>\n\t<meta property=\"og:image:width\" content=\"1024\" \/>\n\t<meta property=\"og:image:height\" content=\"455\" \/>\n\t<meta property=\"og:image:type\" content=\"image\/png\" \/>\n<meta name=\"twitter:card\" content=\"summary_large_image\" \/>\n<meta name=\"twitter:label1\" content=\"Tiempo de lectura\" \/>\n\t<meta name=\"twitter:data1\" content=\"4 minutos\" \/>\n<script type=\"application\/ld+json\" class=\"yoast-schema-graph\">{\"@context\":\"https:\/\/schema.org\",\"@graph\":[{\"@type\":\"WebPage\",\"@id\":\"https:\/\/alexandratrivino.com\/es\/\",\"url\":\"https:\/\/alexandratrivino.com\/es\/\",\"name\":\"Arte y Dise\u00f1o Gr\u00e1fico - Taller de cer\u00e1mica. Arte y Dise\u00f1o Gr\u00e1fico. Alexandra Trivi\u00f1o\",\"isPartOf\":{\"@id\":\"https:\/\/alexandratrivino.com\/es\/#website\"},\"primaryImageOfPage\":{\"@id\":\"https:\/\/alexandratrivino.com\/es\/#primaryimage\"},\"image\":{\"@id\":\"https:\/\/alexandratrivino.com\/es\/#primaryimage\"},\"thumbnailUrl\":\"https:\/\/alexandratrivino.com\/es\/wp-content\/uploads\/2023\/06\/Toepferwerkstatt_Stuttgart.jpg\",\"datePublished\":\"2019-08-16T09:58:45+00:00\",\"dateModified\":\"2025-08-24T12:04:35+00:00\",\"description\":\"Alexandra Trivi\u00f1o es arquitecta y ha trabajado como dise\u00f1adora gr\u00e1fica para multitud de empresas, realizando tambi\u00e9n varias exposiciones de arte digital. Actualmente compagina su trabajo con un estudio de cer\u00e1mica abierto al publico y realiza esculturas y objetos \u00fanicos.\",\"breadcrumb\":{\"@id\":\"https:\/\/alexandratrivino.com\/es\/#breadcrumb\"},\"inLanguage\":\"es\",\"potentialAction\":[{\"@type\":\"ReadAction\",\"target\":[\"https:\/\/alexandratrivino.com\/es\/\"]}]},{\"@type\":\"ImageObject\",\"inLanguage\":\"es\",\"@id\":\"https:\/\/alexandratrivino.com\/es\/#primaryimage\",\"url\":\"https:\/\/alexandratrivino.com\/es\/wp-content\/uploads\/2023\/06\/Toepferwerkstatt_Stuttgart.jpg\",\"contentUrl\":\"https:\/\/alexandratrivino.com\/es\/wp-content\/uploads\/2023\/06\/Toepferwerkstatt_Stuttgart.jpg\",\"width\":1536,\"height\":2048},{\"@type\":\"BreadcrumbList\",\"@id\":\"https:\/\/alexandratrivino.com\/es\/#breadcrumb\",\"itemListElement\":[{\"@type\":\"ListItem\",\"position\":1,\"name\":\"Portada\",\"item\":\"https:\/\/alexandratrivino.com\/es\/\"},{\"@type\":\"ListItem\",\"position\":2,\"name\":\"Arte y Dise\u00f1o Gr\u00e1fico\"}]},{\"@type\":\"WebSite\",\"@id\":\"https:\/\/alexandratrivino.com\/es\/#website\",\"url\":\"https:\/\/alexandratrivino.com\/es\/\",\"name\":\"Taller de cer\u00e1mica. Arte y Dise\u00f1o Gr\u00e1fico. Alexandra Trivi\u00f1o\",\"description\":\"Estudio y taller de cer\u00e1mica de Alexandra Trivi\u00f1o en Stuttgart, Madrid y Barcelona.\",\"publisher\":{\"@id\":\"https:\/\/alexandratrivino.com\/es\/#organization\"},\"alternateName\":\"Estudio de cer\u00e1mica de Alexandra Trivi\u00f1o en Stuttgart\",\"potentialAction\":[{\"@type\":\"SearchAction\",\"target\":{\"@type\":\"EntryPoint\",\"urlTemplate\":\"https:\/\/alexandratrivino.com\/es\/?s={search_term_string}\"},\"query-input\":{\"@type\":\"PropertyValueSpecification\",\"valueRequired\":true,\"valueName\":\"search_term_string\"}}],\"inLanguage\":\"es\"},{\"@type\":\"Organization\",\"@id\":\"https:\/\/alexandratrivino.com\/es\/#organization\",\"name\":\"Taller de cer\u00e1mica. Arte y Dise\u00f1o Gr\u00e1fico. Alexandra Trivi\u00f1o\",\"url\":\"https:\/\/alexandratrivino.com\/es\/\",\"logo\":{\"@type\":\"ImageObject\",\"inLanguage\":\"es\",\"@id\":\"https:\/\/alexandratrivino.com\/es\/#\/schema\/logo\/image\/\",\"url\":\"https:\/\/alexandratrivino.com\/es\/wp-content\/uploads\/2022\/06\/cropped-cropped-Logo_500px.jpg\",\"contentUrl\":\"https:\/\/alexandratrivino.com\/es\/wp-content\/uploads\/2022\/06\/cropped-cropped-Logo_500px.jpg\",\"width\":512,\"height\":512,\"caption\":\"Taller de cer\u00e1mica. Arte y Dise\u00f1o Gr\u00e1fico. Alexandra Trivi\u00f1o\"},\"image\":{\"@id\":\"https:\/\/alexandratrivino.com\/es\/#\/schema\/logo\/image\/\"},\"sameAs\":[\"https:\/\/www.facebook.com\/AlexandraTrivinoBarros\/\",\"https:\/\/www.instagram.com\/trivino_alexandra\/\"]}]}<\/script>\n<!-- \/ Yoast SEO plugin. -->","yoast_head_json":{"title":"Arte y Dise\u00f1o Gr\u00e1fico - Taller de cer\u00e1mica. Arte y Dise\u00f1o Gr\u00e1fico. Alexandra Trivi\u00f1o","description":"Alexandra Trivi\u00f1o es arquitecta y ha trabajado como dise\u00f1adora gr\u00e1fica para multitud de empresas, realizando tambi\u00e9n varias exposiciones de arte digital. Actualmente compagina su trabajo con un estudio de cer\u00e1mica abierto al publico y realiza esculturas y objetos \u00fanicos.","robots":{"index":"index","follow":"follow","max-snippet":"max-snippet:-1","max-image-preview":"max-image-preview:large","max-video-preview":"max-video-preview:-1"},"canonical":"https:\/\/alexandratrivino.com\/es\/","og_locale":"es_ES","og_type":"article","og_title":"Arte y Dise\u00f1o Gr\u00e1fico - Taller de cer\u00e1mica. Arte y Dise\u00f1o Gr\u00e1fico. Alexandra Trivi\u00f1o","og_description":"Alexandra Trivi\u00f1o es arquitecta y ha trabajado como dise\u00f1adora gr\u00e1fica para multitud de empresas, realizando tambi\u00e9n varias exposiciones de arte digital. Actualmente compagina su trabajo con un estudio de cer\u00e1mica abierto al publico y realiza esculturas y objetos \u00fanicos.","og_url":"https:\/\/alexandratrivino.com\/es\/","og_site_name":"Taller de cer\u00e1mica. Arte y Dise\u00f1o Gr\u00e1fico. Alexandra Trivi\u00f1o","article_publisher":"https:\/\/www.facebook.com\/AlexandraTrivinoBarros\/","article_modified_time":"2025-08-24T12:04:35+00:00","og_image":[{"width":1024,"height":455,"url":"https:\/\/alexandratrivino.com\/es\/wp-content\/uploads\/2019\/08\/Captura-de-pantalla-2022-07-13-132119-1024x455.png","type":"image\/png"}],"twitter_card":"summary_large_image","twitter_misc":{"Tiempo de lectura":"4 minutos"},"schema":{"@context":"https:\/\/schema.org","@graph":[{"@type":"WebPage","@id":"https:\/\/alexandratrivino.com\/es\/","url":"https:\/\/alexandratrivino.com\/es\/","name":"Arte y Dise\u00f1o Gr\u00e1fico - Taller de cer\u00e1mica. Arte y Dise\u00f1o Gr\u00e1fico. Alexandra Trivi\u00f1o","isPartOf":{"@id":"https:\/\/alexandratrivino.com\/es\/#website"},"primaryImageOfPage":{"@id":"https:\/\/alexandratrivino.com\/es\/#primaryimage"},"image":{"@id":"https:\/\/alexandratrivino.com\/es\/#primaryimage"},"thumbnailUrl":"https:\/\/alexandratrivino.com\/es\/wp-content\/uploads\/2023\/06\/Toepferwerkstatt_Stuttgart.jpg","datePublished":"2019-08-16T09:58:45+00:00","dateModified":"2025-08-24T12:04:35+00:00","description":"Alexandra Trivi\u00f1o es arquitecta y ha trabajado como dise\u00f1adora gr\u00e1fica para multitud de empresas, realizando tambi\u00e9n varias exposiciones de arte digital. Actualmente compagina su trabajo con un estudio de cer\u00e1mica abierto al publico y realiza esculturas y objetos \u00fanicos.","breadcrumb":{"@id":"https:\/\/alexandratrivino.com\/es\/#breadcrumb"},"inLanguage":"es","potentialAction":[{"@type":"ReadAction","target":["https:\/\/alexandratrivino.com\/es\/"]}]},{"@type":"ImageObject","inLanguage":"es","@id":"https:\/\/alexandratrivino.com\/es\/#primaryimage","url":"https:\/\/alexandratrivino.com\/es\/wp-content\/uploads\/2023\/06\/Toepferwerkstatt_Stuttgart.jpg","contentUrl":"https:\/\/alexandratrivino.com\/es\/wp-content\/uploads\/2023\/06\/Toepferwerkstatt_Stuttgart.jpg","width":1536,"height":2048},{"@type":"BreadcrumbList","@id":"https:\/\/alexandratrivino.com\/es\/#breadcrumb","itemListElement":[{"@type":"ListItem","position":1,"name":"Portada","item":"https:\/\/alexandratrivino.com\/es\/"},{"@type":"ListItem","position":2,"name":"Arte y Dise\u00f1o Gr\u00e1fico"}]},{"@type":"WebSite","@id":"https:\/\/alexandratrivino.com\/es\/#website","url":"https:\/\/alexandratrivino.com\/es\/","name":"Taller de cer\u00e1mica. Arte y Dise\u00f1o Gr\u00e1fico. Alexandra Trivi\u00f1o","description":"Estudio y taller de cer\u00e1mica de Alexandra Trivi\u00f1o en Stuttgart, Madrid y Barcelona.","publisher":{"@id":"https:\/\/alexandratrivino.com\/es\/#organization"},"alternateName":"Estudio de cer\u00e1mica de Alexandra Trivi\u00f1o en Stuttgart","potentialAction":[{"@type":"SearchAction","target":{"@type":"EntryPoint","urlTemplate":"https:\/\/alexandratrivino.com\/es\/?s={search_term_string}"},"query-input":{"@type":"PropertyValueSpecification","valueRequired":true,"valueName":"search_term_string"}}],"inLanguage":"es"},{"@type":"Organization","@id":"https:\/\/alexandratrivino.com\/es\/#organization","name":"Taller de cer\u00e1mica. Arte y Dise\u00f1o Gr\u00e1fico. Alexandra Trivi\u00f1o","url":"https:\/\/alexandratrivino.com\/es\/","logo":{"@type":"ImageObject","inLanguage":"es","@id":"https:\/\/alexandratrivino.com\/es\/#\/schema\/logo\/image\/","url":"https:\/\/alexandratrivino.com\/es\/wp-content\/uploads\/2022\/06\/cropped-cropped-Logo_500px.jpg","contentUrl":"https:\/\/alexandratrivino.com\/es\/wp-content\/uploads\/2022\/06\/cropped-cropped-Logo_500px.jpg","width":512,"height":512,"caption":"Taller de cer\u00e1mica. Arte y Dise\u00f1o Gr\u00e1fico. Alexandra Trivi\u00f1o"},"image":{"@id":"https:\/\/alexandratrivino.com\/es\/#\/schema\/logo\/image\/"},"sameAs":["https:\/\/www.facebook.com\/AlexandraTrivinoBarros\/","https:\/\/www.instagram.com\/trivino_alexandra\/"]}]}},"_links":{"self":[{"href":"https:\/\/alexandratrivino.com\/es\/wp-json\/wp\/v2\/pages\/79865","targetHints":{"allow":["GET"]}}],"collection":[{"href":"https:\/\/alexandratrivino.com\/es\/wp-json\/wp\/v2\/pages"}],"about":[{"href":"https:\/\/alexandratrivino.com\/es\/wp-json\/wp\/v2\/types\/page"}],"author":[{"embeddable":true,"href":"https:\/\/alexandratrivino.com\/es\/wp-json\/wp\/v2\/users\/1"}],"replies":[{"embeddable":true,"href":"https:\/\/alexandratrivino.com\/es\/wp-json\/wp\/v2\/comments?post=79865"}],"version-history":[{"count":58,"href":"https:\/\/alexandratrivino.com\/es\/wp-json\/wp\/v2\/pages\/79865\/revisions"}],"predecessor-version":[{"id":83627,"href":"https:\/\/alexandratrivino.com\/es\/wp-json\/wp\/v2\/pages\/79865\/revisions\/83627"}],"wp:featuredmedia":[{"embeddable":true,"href":"https:\/\/alexandratrivino.com\/es\/wp-json\/wp\/v2\/media\/83558"}],"wp:attachment":[{"href":"https:\/\/alexandratrivino.com\/es\/wp-json\/wp\/v2\/media?parent=79865"}],"curies":[{"name":"wp","href":"https:\/\/api.w.org\/{rel}","templated":true}]}}